{"id":8584,"date":"2018-05-17T20:14:35","date_gmt":"2018-05-17T12:14:35","guid":{"rendered":"https:\/\/www.medlinfirm.com\/?page_id=8584"},"modified":"2026-03-13T01:09:30","modified_gmt":"2026-03-12T17:09:30","slug":"contacto-clientes-actuales","status":"publish","type":"page","link":"https:\/\/www.medlinfirm.com\/es\/contacto-clientes-actuales\/","title":{"rendered":"Formulario de contacto del cliente actual"},"content":{"rendered":"<p><div class=\"fusion-fullwidth fullwidth-box fusion-builder-row-1 fusion-flex-container has-pattern-background has-mask-background fusion-parallax-none nonhundred-percent-fullwidth non-hundred-percent-height-scrolling\" style=\"--awb-border-radius-top-left:0px;--awb-border-radius-top-right:0px;--awb-border-radius-bottom-right:0px;--awb-border-radius-bottom-left:0px;--awb-padding-top:25vh;--awb-padding-right:0px;--awb-padding-bottom:0px;--awb-padding-left:0px;--awb-min-height:500px;--awb-background-image:url(&quot;https:\/\/www.medlinfirm.com\/wp-content\/uploads\/2026\/01\/conozca-al-equipo-legal-de-the-medlin-law-firm-1024x446.webp&quot;);--awb-background-size:cover;--awb-flex-wrap:wrap;\" ><div class=\"fusion-builder-row fusion-row fusion-flex-align-items-flex-end fusion-flex-content-wrap\" style=\"max-width:1476.8px;margin-left: calc(-4% \/ 2 );margin-right: calc(-4% \/ 2 );\"><div class=\"fusion-layout-column fusion_builder_column fusion-builder-column-0 fusion_builder_column_2_5 2_5 fusion-flex-column fusion-flex-align-self-flex-start\" style=\"--awb-padding-bottom:5vh;--awb-padding-top-small:15px;--awb-padding-right-small:15px;--awb-padding-bottom-small:15px;--awb-padding-left-small:15px;--awb-bg-position:center top;--awb-bg-blend:overlay;--awb-bg-size:cover;--awb-width-large:40%;--awb-margin-top-large:0px;--awb-spacing-right-large:0px;--awb-margin-bottom-large:0px;--awb-spacing-left-large:0px;--awb-width-medium:40%;--awb-spacing-right-medium:0px;--awb-spacing-left-medium:0px;--awb-width-small:100%;--awb-spacing-right-small:1.92%;--awb-spacing-left-small:1.92%;\"><div class=\"fusion-column-wrapper fusion-flex-justify-content-flex-start fusion-content-layout-column\"><div class=\"fusion-title title fusion-title-1 fusion-sep-none fusion-title-text fusion-title-size-one\" style=\"--awb-margin-top-small:10px;--awb-margin-right-small:0px;--awb-margin-bottom-small:10px;--awb-margin-left-small:0px;\"><h1 class=\"fusion-title-heading title-heading-left\" style=\"margin:0;text-transform:uppercase;\">Formulario de contacto para clientes actuales<\/h1><\/div><div class=\"fusion-separator\" style=\"align-self: flex-start;margin-right:auto;margin-top:3vh;margin-bottom:5vh;width:100%;max-width:70%;\"><div class=\"fusion-separator-border sep-single sep-solid\" style=\"--awb-height:20px;--awb-amount:20px;border-color:var(--awb-color3);border-top-width:1px;\"><\/div><\/div><div class=\"fusion-text fusion-text-1\" style=\"--awb-font-size:16px;--awb-text-color:#ffffff;\"><p>Si usted o un ser querido ha sido acusado injustamente de un delito en Fort Worth, no dude en ponerse en contacto con nosotros. Comun\u00edquese con nuestro equipo legal hoy mismo completando el siguiente formulario.<\/p>\n<\/div><\/div><\/div><div class=\"fusion-layout-column fusion_builder_column fusion-builder-column-1 fusion_builder_column_3_5 3_5 fusion-flex-column\" style=\"--awb-bg-size:cover;--awb-width-large:60%;--awb-margin-top-large:0px;--awb-spacing-right-large:3.2%;--awb-margin-bottom-large:0px;--awb-spacing-left-large:3.2%;--awb-width-medium:60%;--awb-order-medium:0;--awb-spacing-right-medium:3.2%;--awb-spacing-left-medium:3.2%;--awb-width-small:100%;--awb-order-small:0;--awb-spacing-right-small:1.92%;--awb-spacing-left-small:1.92%;\"><div class=\"fusion-column-wrapper fusion-column-has-shadow fusion-flex-justify-content-flex-start fusion-content-layout-column\"><div class=\"fusion-image-element \" style=\"--awb-caption-title-font-family:var(--h2_typography-font-family);--awb-caption-title-font-weight:var(--h2_typography-font-weight);--awb-caption-title-font-style:var(--h2_typography-font-style);--awb-caption-title-size:var(--h2_typography-font-size);--awb-caption-title-transform:var(--h2_typography-text-transform);--awb-caption-title-line-height:var(--h2_typography-line-height);--awb-caption-title-letter-spacing:var(--h2_typography-letter-spacing);\"><span class=\" fusion-imageframe imageframe-none imageframe-1 hover-type-none\"><img decoding=\"async\" width=\"1141\" height=\"609\" alt=\"Abogados de Defensa Criminal The Medlin Law Firm\" title=\"Abogados de Defensa Criminal The Medlin Law Firm\" src=\"https:\/\/www.medlinfirm.com\/wp-content\/uploads\/2026\/03\/abogados-de-defensa-criminal-the-medlin-law-firm.webp\" class=\"img-responsive wp-image-55434\" srcset=\"https:\/\/www.medlinfirm.com\/wp-content\/uploads\/2026\/03\/abogados-de-defensa-criminal-the-medlin-law-firm-200x107.webp 200w, https:\/\/www.medlinfirm.com\/wp-content\/uploads\/2026\/03\/abogados-de-defensa-criminal-the-medlin-law-firm-400x213.webp 400w, https:\/\/www.medlinfirm.com\/wp-content\/uploads\/2026\/03\/abogados-de-defensa-criminal-the-medlin-law-firm-600x320.webp 600w, https:\/\/www.medlinfirm.com\/wp-content\/uploads\/2026\/03\/abogados-de-defensa-criminal-the-medlin-law-firm-800x427.webp 800w, https:\/\/www.medlinfirm.com\/wp-content\/uploads\/2026\/03\/abogados-de-defensa-criminal-the-medlin-law-firm.webp 1141w\" sizes=\"(max-width: 640px) 100vw, 1141px\" \/><\/span><\/div><\/div><\/div><\/div><\/div><div class=\"fusion-fullwidth fullwidth-box fusion-builder-row-2 fusion-flex-container has-pattern-background has-mask-background nonhundred-percent-fullwidth non-hundred-percent-height-scrolling\" style=\"--awb-border-radius-top-left:0px;--awb-border-radius-top-right:0px;--awb-border-radius-bottom-right:0px;--awb-border-radius-bottom-left:0px;--awb-padding-top:0px;--awb-padding-bottom:0px;--awb-flex-wrap:wrap;\" ><div class=\"fusion-builder-row fusion-row fusion-flex-align-items-flex-start fusion-flex-content-wrap\" style=\"max-width:1476.8px;margin-left: calc(-4% \/ 2 );margin-right: calc(-4% \/ 2 );\"><div class=\"fusion-layout-column fusion_builder_column fusion-builder-column-2 fusion_builder_column_1_1 1_1 fusion-flex-column\" style=\"--awb-bg-size:cover;--awb-width-large:100%;--awb-margin-top-large:5vh;--awb-spacing-right-large:1.92%;--awb-margin-bottom-large:20px;--awb-spacing-left-large:1.92%;--awb-width-medium:100%;--awb-order-medium:0;--awb-spacing-right-medium:1.92%;--awb-spacing-left-medium:1.92%;--awb-width-small:100%;--awb-order-small:0;--awb-spacing-right-small:1.92%;--awb-spacing-left-small:1.92%;\"><div class=\"fusion-column-wrapper fusion-column-has-shadow fusion-flex-justify-content-flex-start fusion-content-layout-column\"><div class=\"fusion-separator fusion-full-width-sep\" style=\"align-self: center;margin-left: auto;margin-right: auto;width:100%;\"><div class=\"fusion-separator-border sep-single sep-solid\" style=\"--awb-height:20px;--awb-amount:20px;border-color:var(--awb-color3);border-top-width:1px;\"><\/div><\/div><\/div><\/div><div class=\"fusion-layout-column fusion_builder_column fusion-builder-column-3 fusion_builder_column_1_2 1_2 fusion-flex-column fusion-flex-align-self-flex-end\" style=\"--awb-bg-size:cover;--awb-width-large:50%;--awb-margin-top-large:5vh;--awb-spacing-right-large:3.84%;--awb-margin-bottom-large:0px;--awb-spacing-left-large:3.84%;--awb-width-medium:50%;--awb-order-medium:0;--awb-spacing-right-medium:3.84%;--awb-spacing-left-medium:3.84%;--awb-width-small:100%;--awb-order-small:0;--awb-spacing-right-small:1.92%;--awb-spacing-left-small:1.92%;\"><div class=\"fusion-column-wrapper fusion-column-has-shadow fusion-flex-justify-content-flex-start fusion-content-layout-column\"><div class=\"fusion-text fusion-text-2 fusion-text-no-margin\" style=\"--awb-content-alignment:center;--awb-font-size:20px;--awb-letter-spacing:1px;--awb-text-color:var(--awb-color4);--awb-margin-bottom:0px;--awb-text-font-family:&quot;Raleway&quot;;--awb-text-font-style:normal;--awb-text-font-weight:500;\"><p>THE MEDLIN LAW FIRM<\/p>\n<\/div><div class=\"fusion-title title fusion-title-2 fusion-sep-none fusion-title-center fusion-title-text fusion-title-size-paragraph\" style=\"--awb-text-color:var(--awb-color8);--awb-margin-top-small:10px;--awb-margin-right-small:0px;--awb-margin-bottom-small:10px;--awb-margin-left-small:0px;--awb-font-size:48px;\"><p class=\"fusion-title-heading title-heading-center title-heading-tag\" style=\"font-family:&quot;Cormorant Garamond&quot;;font-style:normal;font-weight:600;margin:0;text-transform:uppercase;font-size:1em;line-height:58px;\">Solicite Una Evaluaci\u00f3n Gratuita de su caso<\/p><\/div><div class=\"fusion-image-element \" style=\"--awb-caption-title-font-family:var(--h2_typography-font-family);--awb-caption-title-font-weight:var(--h2_typography-font-weight);--awb-caption-title-font-style:var(--h2_typography-font-style);--awb-caption-title-size:var(--h2_typography-font-size);--awb-caption-title-transform:var(--h2_typography-text-transform);--awb-caption-title-line-height:var(--h2_typography-line-height);--awb-caption-title-letter-spacing:var(--h2_typography-letter-spacing);\"><span class=\" fusion-imageframe imageframe-none imageframe-2 hover-type-none\"><img decoding=\"async\" width=\"1024\" height=\"622\" alt=\"Estrategia de Defensa Criminal con The Medlin Law Firm\" title=\"Estrategia de Defensa Criminal con The Medlin Law Firm\" src=\"https:\/\/www.medlinfirm.com\/wp-content\/uploads\/2026\/03\/estrategia-de-defensa-criminal-con-the-medlin-law-firm.webp\" class=\"img-responsive wp-image-56284\" srcset=\"https:\/\/www.medlinfirm.com\/wp-content\/uploads\/2026\/03\/estrategia-de-defensa-criminal-con-the-medlin-law-firm-200x121.webp 200w, https:\/\/www.medlinfirm.com\/wp-content\/uploads\/2026\/03\/estrategia-de-defensa-criminal-con-the-medlin-law-firm-400x243.webp 400w, https:\/\/www.medlinfirm.com\/wp-content\/uploads\/2026\/03\/estrategia-de-defensa-criminal-con-the-medlin-law-firm-600x364.webp 600w, https:\/\/www.medlinfirm.com\/wp-content\/uploads\/2026\/03\/estrategia-de-defensa-criminal-con-the-medlin-law-firm-800x486.webp 800w, https:\/\/www.medlinfirm.com\/wp-content\/uploads\/2026\/03\/estrategia-de-defensa-criminal-con-the-medlin-law-firm.webp 1024w\" sizes=\"(max-width: 640px) 100vw, 800px\" \/><\/span><\/div><\/div><\/div><div class=\"fusion-layout-column fusion_builder_column fusion-builder-column-4 fusion_builder_column_1_2 1_2 fusion-flex-column fusion-flex-align-self-flex-start team-page-form\" style=\"--awb-bg-size:cover;--awb-width-large:50%;--awb-margin-top-large:5vh;--awb-spacing-right-large:3.84%;--awb-margin-bottom-large:0px;--awb-spacing-left-large:3.84%;--awb-width-medium:50%;--awb-order-medium:0;--awb-spacing-right-medium:3.84%;--awb-spacing-left-medium:3.84%;--awb-width-small:100%;--awb-order-small:0;--awb-spacing-right-small:1.92%;--awb-spacing-left-small:1.92%;\"><div class=\"fusion-column-wrapper fusion-column-has-shadow fusion-flex-justify-content-flex-start fusion-content-layout-column\"><div role=\"form\" class=\"wpcf7\" id=\"wpcf7-f14701-o1\" lang=\"en-US\" dir=\"ltr\">\n<div class=\"screen-reader-response\"><p role=\"status\" aria-live=\"polite\" aria-atomic=\"true\"><\/p> <ul><\/ul><\/div>\n<form action=\"\/es\/wp-json\/wp\/v2\/pages\/8584#wpcf7-f14701-o1\" method=\"post\" class=\"wpcf7-form init\" novalidate=\"novalidate\" data-status=\"init\">\n<div style=\"display: none;\">\n<input type=\"hidden\" name=\"_wpcf7\" value=\"14701\" \/>\n<input type=\"hidden\" name=\"_wpcf7_version\" value=\"5.6.4\" \/>\n<input type=\"hidden\" name=\"_wpcf7_locale\" value=\"en_US\" \/>\n<input type=\"hidden\" name=\"_wpcf7_unit_tag\" value=\"wpcf7-f14701-o1\" \/>\n<input type=\"hidden\" name=\"_wpcf7_container_post\" value=\"0\" \/>\n<input type=\"hidden\" name=\"_wpcf7_posted_data_hash\" value=\"\" \/>\n<\/div>\n<div class=\"row\">\n<div class=\"col-lg-6 padding-right\">\n<div class=\"form-group\">\n<span class=\"wpcf7-form-control-wrap\" data-name=\"FirstName\"><input type=\"text\" name=\"FirstName\" value=\"\" size=\"40\" class=\"wpcf7-form-control wpcf7-text wpcf7-validates-as-required\" aria-required=\"true\" aria-invalid=\"false\" placeholder=\"Nombre*\" \/><\/span>\n<\/div>\n<\/div>\n<div class=\"col-lg-6 padding-left\">\n<div class=\"form-group\">\n<span class=\"wpcf7-form-control-wrap\" data-name=\"LastName\"><input type=\"text\" name=\"LastName\" value=\"\" size=\"40\" class=\"wpcf7-form-control wpcf7-text wpcf7-validates-as-required\" aria-required=\"true\" aria-invalid=\"false\" placeholder=\"Apellido*\" \/><\/span>\n<\/div>\n<\/div>\n<\/div>\n<div class=\"row\">\n<div class=\"col-lg-6 padding-right\">\n<div class=\"form-group\">\n<span class=\"wpcf7-form-control-wrap\" data-name=\"tel-633\"><input type=\"tel\" name=\"tel-633\" value=\"\" size=\"40\" class=\"wpcf7-form-control wpcf7-text wpcf7-tel wpcf7-validates-as-required wpcf7-validates-as-tel\" aria-required=\"true\" aria-invalid=\"false\" placeholder=\"Numero De Telefono*\" \/><\/span>\n<\/div>\n<\/div>\n<div class=\"col-lg-6 padding-left\">\n<div class=\"form-group\">\n<span class=\"wpcf7-form-control-wrap\" data-name=\"E-mailAddress\"><input type=\"email\" name=\"E-mailAddress\" value=\"\" size=\"40\" class=\"wpcf7-form-control wpcf7-text wpcf7-email wpcf7-validates-as-required wpcf7-validates-as-email\" aria-required=\"true\" aria-invalid=\"false\" placeholder=\"Correo Electronico*\" \/><\/span>\n<\/div>\n<\/div>\n<\/div>\n<div class=\"row\">\n<div class=\"col-sm-12\">\n<div class=\"form-group\">\n<span class=\"wpcf7-form-control-wrap\" data-name=\"Case\"><textarea name=\"Case\" cols=\"40\" rows=\"10\" class=\"wpcf7-form-control wpcf7-textarea wpcf7-validates-as-required textarea-message\" aria-required=\"true\" aria-invalid=\"false\" placeholder=\"Detalles Del Caso*\"><\/textarea><\/span>\n<\/div>\n<\/div>\n<\/div>\n<input type=\"hidden\" name=\"referer-page\" value=\"\" class=\"wpcf7-form-control wpcf7-hidden\" \/>\n<div class=\"row\">\n<div class=\"col-sm-12\">\n<div class=\"form-group submit-form\">\n<span class=\"wpcf7-form-control-wrap\" data-name=\"acceptance-606\"><span class=\"wpcf7-form-control wpcf7-acceptance\"><span class=\"wpcf7-list-item\"><label><input type=\"checkbox\" name=\"acceptance-606\" value=\"1\" aria-invalid=\"false\" class=\"acceptancebox\" \/><span class=\"wpcf7-list-item-label\">Al proporcionar su n\u00famero de tel\u00e9fono, acepta recibir mensajes de texto de The Medlin Law Firm. Pueden aplicarse tarifas por mensajes y datos. La frecuencia de los mensajes puede variar.<\/span><\/label><\/span><\/span><\/span><br \/>\n<input type=\"submit\" value=\"Enviar\" class=\"wpcf7-form-control has-spinner wpcf7-submit banner-submit btn btn-primary main-btn\" \/>\n<\/div>\n<\/div>\n<\/div>\n<p><span id=\"wpcf7-6a05f249e9563-wrapper\" class=\"wpcf7-form-control-wrap honeypot-627-wrap\" style=\"display:none !important; visibility:hidden !important;\"><input id=\"wpcf7-6a05f249e9563-field\"  class=\"wpcf7-form-control wpcf7-text\" type=\"text\" name=\"honeypot-627\" value=\"\" size=\"40\" tabindex=\"-1\" autocomplete=\"off\" \/><\/span><\/p>\n<input\n                    class=\"apbct_special_field apbct_email_id__wp_contact_form_7\"\n                    name=\"apbct__email_id__wp_contact_form_7\"\n                    aria-label=\"apbct__label_id__wp_contact_form_7\"\n                    type=\"text\" size=\"30\" maxlength=\"200\" autocomplete=\"off\"\n                    value=\"\"\n                \/><div class=\"fusion-alert alert custom alert-custom fusion-alert-center wpcf7-response-output awb-alert-native-link-color alert-dismissable awb-alert-close-boxed\" style=\"--awb-border-size:1px;--awb-border-top-left-radius:0px;--awb-border-top-right-radius:0px;--awb-border-bottom-left-radius:0px;--awb-border-bottom-right-radius:0px;\" role=\"alert\"><div class=\"fusion-alert-content-wrapper\"><span class=\"fusion-alert-content\"><\/span><\/div><button type=\"button\" class=\"close toggle-alert\" data-dismiss=\"alert\" aria-label=\"Close\">&times;<\/button><\/div><\/form><\/div><\/div><\/div><\/div><\/div><div class=\"fusion-fullwidth fullwidth-box fusion-builder-row-3 fusion-flex-container nonhundred-percent-fullwidth non-hundred-percent-height-scrolling\" style=\"--awb-border-radius-top-left:0px;--awb-border-radius-top-right:0px;--awb-border-radius-bottom-right:0px;--awb-border-radius-bottom-left:0px;--awb-padding-top:0px;--awb-padding-bottom:10vh;--awb-background-color:var(--awb-color1);--awb-flex-wrap:wrap;\" ><div class=\"fusion-builder-row fusion-row fusion-flex-align-items-flex-start fusion-flex-content-wrap\" style=\"max-width:1476.8px;margin-left: calc(-4% \/ 2 );margin-right: calc(-4% \/ 2 );\"><div class=\"fusion-layout-column fusion_builder_column fusion-builder-column-5 fusion_builder_column_1_1 1_1 fusion-flex-column\" style=\"--awb-bg-size:cover;--awb-width-large:100%;--awb-margin-top-large:0px;--awb-spacing-right-large:1.92%;--awb-margin-bottom-large:20px;--awb-spacing-left-large:1.92%;--awb-width-medium:100%;--awb-order-medium:0;--awb-spacing-right-medium:1.92%;--awb-spacing-left-medium:1.92%;--awb-width-small:100%;--awb-order-small:0;--awb-spacing-right-small:1.92%;--awb-spacing-left-small:1.92%;\"><div class=\"fusion-column-wrapper fusion-column-has-shadow fusion-flex-justify-content-flex-start fusion-content-layout-column\"><div class=\"fusion-separator fusion-full-width-sep\" style=\"align-self: center;margin-left: auto;margin-right: auto;margin-bottom:5vh;width:100%;\"><div class=\"fusion-separator-border sep-single sep-solid\" style=\"--awb-height:20px;--awb-amount:20px;border-color:var(--awb-color3);border-top-width:1px;\"><\/div><\/div><\/div><\/div><div class=\"fusion-layout-column fusion_builder_column fusion-builder-column-6 fusion_builder_column_1_2 1_2 fusion-flex-column\" style=\"--awb-bg-blend:overlay;--awb-bg-size:cover;--awb-width-large:50%;--awb-margin-top-large:0px;--awb-spacing-right-large:3.84%;--awb-margin-bottom-large:0px;--awb-spacing-left-large:3.84%;--awb-width-medium:50%;--awb-spacing-right-medium:3.84%;--awb-spacing-left-medium:3.84%;--awb-width-small:100%;--awb-spacing-right-small:1.92%;--awb-spacing-left-small:1.92%;\"><div class=\"fusion-column-wrapper fusion-flex-justify-content-flex-start fusion-content-layout-column\"><div class=\"fusion-title title fusion-title-3 fusion-sep-none fusion-title-text fusion-title-size-two\" style=\"--awb-margin-top-small:10px;--awb-margin-right-small:0px;--awb-margin-bottom-small:10px;--awb-margin-left-small:0px;\"><h2 class=\"fusion-title-heading title-heading-left\" style=\"margin:0;text-transform:uppercase;\">Emergencia V. urgencia &amp; acceso a sus abogados<\/h2><\/div><div class=\"fusion-text fusion-text-3 fusion-text-no-margin\" style=\"--awb-content-alignment:left;--awb-margin-top:2vh;--awb-margin-bottom:4vh;\"><p>El horario de trabajo de la firma es de 8:00 a.m. a 5:00 p.m. De lunes a viernes. La oficina est\u00e1 cerrada los fines de semana, todos los d\u00edas festivos y el d\u00eda despu\u00e9s de Acci\u00f3n de Gracias. Nuestro tel\u00e9fono es contestado 24-7, pero despu\u00e9s de las horas de trabajo y los fines de semana, nuestro tel\u00e9fono es contestado por un servicio de respuesta en vivo que tomar\u00e1 un mensaje. Este mensaje ser\u00e1 respondido el pr\u00f3ximo d\u00eda h\u00e1bil. Si se le dice que es una emergencia, el servicio de respuesta intentar\u00e1 contactar con un miembro del personal. Si el miembro del personal no responde, se enviar\u00e1 un mensaje de texto y un correo electr\u00f3nico a por favor, devuelva su llamada inmediatamente. Por favor, s\u00f3lo diga que es una emergencia si es una verdadera emergencia.<\/p>\n<\/div><div ><a class=\"fusion-button button-flat button-xlarge button-default fusion-button-default button-1 fusion-button-default-span fusion-button-default-type\" target=\"_self\" href=\"https:\/\/www.medlinfirm.com\/es\/como-nuestros-clientes-actuales-pueden-realizarnos\/como-ser-un-cliente-a\/\"><span class=\"fusion-button-text awb-button__text awb-button__text--default\">Por favor, vea IV en C\u00f3mo ser un cliente<\/span><i class=\"fa-book fas awb-button__icon awb-button__icon--default button-icon-right\" aria-hidden=\"true\"><\/i><\/a><\/div><\/div><\/div><div class=\"fusion-layout-column fusion_builder_column fusion-builder-column-7 fusion_builder_column_1_2 1_2 fusion-flex-column\" style=\"--awb-bg-blend:overlay;--awb-bg-size:cover;--awb-width-large:50%;--awb-margin-top-large:0px;--awb-spacing-right-large:3.84%;--awb-margin-bottom-large:0px;--awb-spacing-left-large:3.84%;--awb-width-medium:50%;--awb-spacing-right-medium:3.84%;--awb-spacing-left-medium:3.84%;--awb-width-small:100%;--awb-spacing-right-small:1.92%;--awb-spacing-left-small:1.92%;\"><div class=\"fusion-column-wrapper fusion-flex-justify-content-flex-start fusion-content-layout-column\"><div class=\"fusion-title title fusion-title-4 fusion-sep-none fusion-title-text fusion-title-size-two\" style=\"--awb-margin-top-small:10px;--awb-margin-right-small:0px;--awb-margin-bottom-small:10px;--awb-margin-left-small:0px;\"><h2 class=\"fusion-title-heading title-heading-left\" style=\"margin:0;text-transform:uppercase;\">N\u00famero de tel\u00e9fono SOLO para clientes actuales<\/h2><\/div><div class=\"fusion-text fusion-text-4\"><p>(solo para clientes actuales; todos los nuevos clientes potenciales o consultas deben llamar al n\u00famero que aparece en nuestro sitio web para asegurarse de que se comunican directamente con nuestro equipo de admisi\u00f3n, que podr\u00e1 responder adecuadamente a sus preguntas y orientarles sobre los pasos a seguir).<\/p>\n<\/div><div ><a class=\"fusion-button button-flat button-xlarge button-custom fusion-button-default button-2 fusion-button-default-span fusion-button-default-type fusion-has-button-gradient\" style=\"--button_accent_color:var(--awb-color1);--button_accent_hover_color:var(--awb-color1);--button_border_hover_color:var(--awb-color1);--button_gradient_top_color:var(--awb-color4);--button_gradient_bottom_color:var(--awb-color5);--button_gradient_top_color_hover:hsla(var(--awb-color5-h),calc(var(--awb-color5-s) - 5%),calc(var(--awb-color5-l) - 10%),var(--awb-color5-a));--button_gradient_bottom_color_hover:hsla(var(--awb-color5-h),calc(var(--awb-color5-s) - 5%),calc(var(--awb-color5-l) - 10%),var(--awb-color5-a));\" target=\"_self\" href=\"tel:+1-817-900-6000\"><span class=\"fusion-button-text awb-button__text awb-button__text--default\">(817) 900-6000<\/span><i class=\"fa-phone fas awb-button__icon awb-button__icon--default button-icon-right\" aria-hidden=\"true\"><\/i><\/a><\/div><\/div><\/div><\/div><\/div><\/p>\n","protected":false},"excerpt":{"rendered":"","protected":false},"author":22,"featured_media":0,"parent":0,"menu_order":98,"comment_status":"closed","ping_status":"closed","template":"100-width.php","meta":{"_analytify_skip_tracking":false,"rank_math_title":"Contacto para clientes actuales | The Medlin Law Firm","rank_math_description":"Si usted ya es cliente actual de The Medlin Law Firm, llene este formulario para contactarnos y obtener asesor\u00eda legal experimentada.","rank_math_focus_keyword":"","rank_math_canonical_url":"","footnotes":""},"class_list":["post-8584","page","type-page","status-publish","hentry"],"_links":{"self":[{"href":"https:\/\/www.medlinfirm.com\/es\/wp-json\/wp\/v2\/pages\/8584","targetHints":{"allow":["GET"]}}],"collection":[{"href":"https:\/\/www.medlinfirm.com\/es\/wp-json\/wp\/v2\/pages"}],"about":[{"href":"https:\/\/www.medlinfirm.com\/es\/wp-json\/wp\/v2\/types\/page"}],"author":[{"embeddable":true,"href":"https:\/\/www.medlinfirm.com\/es\/wp-json\/wp\/v2\/users\/22"}],"replies":[{"embeddable":true,"href":"https:\/\/www.medlinfirm.com\/es\/wp-json\/wp\/v2\/comments?post=8584"}],"version-history":[{"count":3,"href":"https:\/\/www.medlinfirm.com\/es\/wp-json\/wp\/v2\/pages\/8584\/revisions"}],"predecessor-version":[{"id":56377,"href":"https:\/\/www.medlinfirm.com\/es\/wp-json\/wp\/v2\/pages\/8584\/revisions\/56377"}],"wp:attachment":[{"href":"https:\/\/www.medlinfirm.com\/es\/wp-json\/wp\/v2\/media?parent=8584"}],"curies":[{"name":"wp","href":"https:\/\/api.w.org\/{rel}","templated":true}]}}