{"id":8546,"date":"2018-03-26T16:32:03","date_gmt":"2018-03-26T08:32:03","guid":{"rendered":"https:\/\/www.medlinfirm.com\/?page_id=8546"},"modified":"2026-03-13T00:01:32","modified_gmt":"2026-03-12T16:01:32","slug":"defensa-de-estudiantes","status":"publish","type":"page","link":"https:\/\/www.medlinfirm.com\/es\/ubicaciones\/fort-worth\/defensa-de-estudiantes\/","title":{"rendered":"Abogado de estudiantes en Fort Worth"},"content":{"rendered":"<p><div class=\"fusion-fullwidth fullwidth-box fusion-builder-row-1 fusion-flex-container has-pattern-background has-mask-background nonhundred-percent-fullwidth non-hundred-percent-height-scrolling\" style=\"--awb-border-radius-top-left:0px;--awb-border-radius-top-right:0px;--awb-border-radius-bottom-right:0px;--awb-border-radius-bottom-left:0px;--awb-padding-top:10vh;--awb-padding-bottom:10vh;--awb-flex-wrap:wrap;\" ><div class=\"fusion-builder-row fusion-row fusion-flex-align-items-flex-start fusion-flex-content-wrap\" style=\"max-width:1476.8px;margin-left: calc(-4% \/ 2 );margin-right: calc(-4% \/ 2 );\"><div class=\"fusion-layout-column fusion_builder_column fusion-builder-column-0 fusion_builder_column_1_2 1_2 fusion-flex-column fusion-flex-align-self-center\" style=\"--awb-bg-size:cover;--awb-width-large:50%;--awb-margin-top-large:0px;--awb-spacing-right-large:3.84%;--awb-margin-bottom-large:20px;--awb-spacing-left-large:3.84%;--awb-width-medium:50%;--awb-order-medium:0;--awb-spacing-right-medium:3.84%;--awb-spacing-left-medium:3.84%;--awb-width-small:100%;--awb-order-small:1;--awb-spacing-right-small:1.92%;--awb-spacing-left-small:1.92%;\" data-scroll-devices=\"small-visibility,medium-visibility,large-visibility\"><div class=\"fusion-column-wrapper fusion-column-has-shadow fusion-flex-justify-content-flex-start fusion-content-layout-column\"><div class=\"fusion-text fusion-text-1\" style=\"--awb-text-color:var(--awb-color8);\"><p>Existen numerosas universidades en el \u00e1rea de Fort Worth, incluida Texas Christian University, University of Texas at Arlington, Texas Wesleyan University, y University of North Texas. Decenas de miles de estudiantes universitarios en el \u00e1rea\u00a0<a href=\"https:\/\/texaslawhelp.org\/es\/articulo\/educacion-lenguaje-y-derechos-civiles\" target=\"_blank\" rel=\"noopener\">deben conocer sus derechos legales<\/a>\u00a0cuando enfrentan un cargo penal o acad\u00e9mico. Con la ayuda de un abogado de estudiantes en Fort Worth, puede litigar o disputar sus cargos, para as\u00ed defender sus derechos.<\/p>\n<p>Enfrentar una acusaci\u00f3n de irregularidades es estresante, ya sea en el campus o en un tribunal penal. La condena por un delito podr\u00eda socavar todo el trabajo dedicado a tu educaci\u00f3n y tu futuro. Adem\u00e1s, una violaci\u00f3n del c\u00f3digo de conducta estudiantil de su universidad puede da\u00f1ar su reputaci\u00f3n y poner en riesgo su futuro despu\u00e9s de la graduaci\u00f3n.<\/p>\n<p>Por lo tanto, si se enfrenta a un cargo acad\u00e9mico o criminal, puede ser conveniente hablar con un abogado defensor de estudiantes en Fort Worth sobre su caso. Un\u00a0<a href=\"https:\/\/www.medlinfirm.com\/es\/blog\/que-esperar-al-contratar-a-un-abogado-de-defensa-criminal\/\">abogado de defensa criminal experimentado<\/a>\u00a0podr\u00eda trabajar para protegerlo a usted y sus derechos al mismo tiempo que brinda asesoramiento y orientaci\u00f3n legal pr\u00e1ctica.<\/p>\n<\/div><\/div><\/div><div class=\"fusion-layout-column fusion_builder_column fusion-builder-column-1 fusion_builder_column_1_2 1_2 fusion-flex-column fusion-flex-align-self-center\" style=\"--awb-bg-size:cover;--awb-width-large:50%;--awb-margin-top-large:0px;--awb-spacing-right-large:3.84%;--awb-margin-bottom-large:20px;--awb-spacing-left-large:3.84%;--awb-width-medium:50%;--awb-order-medium:0;--awb-spacing-right-medium:3.84%;--awb-spacing-left-medium:3.84%;--awb-width-small:100%;--awb-order-small:0;--awb-spacing-right-small:1.92%;--awb-spacing-left-small:1.92%;\" data-scroll-devices=\"small-visibility,medium-visibility,large-visibility\"><div class=\"fusion-column-wrapper fusion-column-has-shadow fusion-flex-justify-content-center fusion-content-layout-column\"><div class=\"fusion-image-element \" style=\"--awb-aspect-ratio: 100 \/ 80;--awb-caption-title-font-family:var(--h2_typography-font-family);--awb-caption-title-font-weight:var(--h2_typography-font-weight);--awb-caption-title-font-style:var(--h2_typography-font-style);--awb-caption-title-size:var(--h2_typography-font-size);--awb-caption-title-transform:var(--h2_typography-text-transform);--awb-caption-title-line-height:var(--h2_typography-line-height);--awb-caption-title-letter-spacing:var(--h2_typography-letter-spacing);\"><span class=\" fusion-imageframe imageframe-none imageframe-1 hover-type-none has-aspect-ratio\" style=\"border-radius:20px;\"><img decoding=\"async\" width=\"700\" height=\"700\" alt=\"Abogados para Defensa de Estudiantes The Medlin Law Firm\" title=\"Abogados para Defensa de Estudiantes The Medlin Law Firm\" src=\"https:\/\/www.medlinfirm.com\/wp-content\/uploads\/2026\/01\/abogados-para-defensa-de-estudiantes-the-medlin-law-firm.webp\" class=\"img-responsive wp-image-47586 img-with-aspect-ratio\" data-parent-fit=\"cover\" data-parent-container=\".fusion-image-element\" srcset=\"https:\/\/www.medlinfirm.com\/wp-content\/uploads\/2026\/01\/abogados-para-defensa-de-estudiantes-the-medlin-law-firm-200x200.webp 200w, https:\/\/www.medlinfirm.com\/wp-content\/uploads\/2026\/01\/abogados-para-defensa-de-estudiantes-the-medlin-law-firm-400x400.webp 400w, https:\/\/www.medlinfirm.com\/wp-content\/uploads\/2026\/01\/abogados-para-defensa-de-estudiantes-the-medlin-law-firm-600x600.webp 600w, https:\/\/www.medlinfirm.com\/wp-content\/uploads\/2026\/01\/abogados-para-defensa-de-estudiantes-the-medlin-law-firm.webp 700w\" sizes=\"(max-width: 640px) 100vw, 700px\" \/><\/span><\/div><\/div><\/div><\/div><\/div><div class=\"fusion-fullwidth fullwidth-box fusion-builder-row-2 fusion-flex-container has-pattern-background has-mask-background nonhundred-percent-fullwidth non-hundred-percent-height-scrolling\" style=\"--awb-border-radius-top-left:0px;--awb-border-radius-top-right:0px;--awb-border-radius-bottom-right:0px;--awb-border-radius-bottom-left:0px;--awb-padding-top:10vh;--awb-padding-bottom:10vh;--awb-background-color:var(--awb-color6);--awb-flex-wrap:wrap;\" ><div class=\"fusion-builder-row fusion-row fusion-flex-align-items-flex-start fusion-flex-content-wrap\" style=\"max-width:1476.8px;margin-left: calc(-4% \/ 2 );margin-right: calc(-4% \/ 2 );\"><div class=\"fusion-layout-column fusion_builder_column fusion-builder-column-2 fusion_builder_column_1_1 1_1 fusion-flex-column\" style=\"--awb-bg-size:cover;--awb-width-large:100%;--awb-margin-top-large:0px;--awb-spacing-right-large:1.92%;--awb-margin-bottom-large:20px;--awb-spacing-left-large:1.92%;--awb-width-medium:100%;--awb-order-medium:0;--awb-spacing-right-medium:1.92%;--awb-spacing-left-medium:1.92%;--awb-width-small:100%;--awb-order-small:0;--awb-spacing-right-small:1.92%;--awb-spacing-left-small:1.92%;\"><div class=\"fusion-column-wrapper fusion-column-has-shadow fusion-flex-justify-content-flex-start fusion-content-layout-column\"><div class=\"fusion-title title fusion-title-1 fusion-sep-none fusion-title-text fusion-title-size-two\" style=\"--awb-text-color:var(--awb-color1);--awb-margin-top-small:10px;--awb-margin-right-small:0px;--awb-margin-bottom-small:10px;--awb-margin-left-small:0px;\"><h2 class=\"fusion-title-heading title-heading-left\" style=\"margin:0;\">Cargos comunes que enfrentan los estudiantes en Fort Worth<\/h2><\/div><div class=\"fusion-text fusion-text-2\" style=\"--awb-text-color:var(--awb-color1);\"><p>Los cargos penales m\u00e1s comunes que enfrentan los estudiantes en Fort Worth involucran alcohol, tales como:<\/p>\n<ul>\n<li>Posesi\u00f3n de alcohol por menores<\/li>\n<li>Consumo de alcohol por menores<\/li>\n<li>Conducir en estado de ebriedad<\/li>\n<li>Posesi\u00f3n de drogas ilegales<\/li>\n<li>Comprar o proporcionar alcohol ilegalmente a un menor<\/li>\n<\/ul>\n<p>La mayor\u00eda de estos delitos giran en torno a la edad del acusado. Cuando se trata de alcohol, la ley estatal define a un menor como cualquier persona menor de 21 a\u00f1os. Aunque un estudiante sea un adulto legal, si se encuentra en posesi\u00f3n o consumo de alcohol, podr\u00eda enfrentar un cargo penal. Adem\u00e1s, si un compa\u00f1ero de estudios mayor de 21 a\u00f1os le proporciona alcohol a un menor, ambos estudiantes podr\u00edan ser acusados de un delito.<\/p>\n<p>Otros cargos penales menos comunes pero potencialmente m\u00e1s serios que los estudiantes pueden enfrentar incluyen distribuci\u00f3n de drogas ilegales, conducir con un recipiente abierto de alcohol, agresi\u00f3n sexual, agresi\u00f3n, conducci\u00f3n imprudente y peque\u00f1os robos. Incluso una condena por delito menor de uno de estos cargos podr\u00eda dar lugar a multas elevadas y encarcelamiento. Es importante destacar que los estudiantes con una condena penal tambi\u00e9n podr\u00edan perder sus becas y poner en peligro sus perspectivas profesionales.<\/p>\n<\/div><div class=\"fusion-title title fusion-title-2 fusion-sep-none fusion-title-text fusion-title-size-two\" style=\"--awb-text-color:var(--awb-color1);--awb-margin-top-small:10px;--awb-margin-right-small:0px;--awb-margin-bottom-small:10px;--awb-margin-left-small:0px;\"><h2 class=\"fusion-title-heading title-heading-left\" style=\"margin:0;\">Violaciones del c\u00f3digo de conducta<\/h2><\/div><div class=\"fusion-text fusion-text-3\" style=\"--awb-text-color:var(--awb-color1);\"><p>Por supuesto, los cargos criminales no son los \u00fanicos problemas con los que un abogado defensor de estudiantes en Fort Worth podr\u00eda ayudar. Tanto las escuelas secundarias como las universidades locales requieren que sus estudiantes se adhieran a un c\u00f3digo de conducta estudiantil.<\/p>\n<p>Estos c\u00f3digos de conducta proh\u00edben la trampa y la deshonestidad acad\u00e9micas, el acoso y la agresi\u00f3n sexual, entre otras fechor\u00edas.<\/p>\n<p>Siempre que un estudiante presuntamente viola el c\u00f3digo de conducta de su escuela, independientemente de si esa violaci\u00f3n es ilegal seg\u00fan las leyes federales, estatales o locales, puede enfrentarse a procedimientos disciplinarios. Estos procesos est\u00e1n separados del proceso judicial penal, lo que significa que los estudiantes involucrados en el proceso disciplinario de una escuela a menudo no tienen los mismos derechos legales que tendr\u00edan en la corte.<\/p>\n<p>Sin embargo, los estudiantes pueden consultar con un abogado para estudiantes de Fort Worth para obtener ayuda con su caso.<\/p>\n<p>Un abogado con experiencia podr\u00eda guiar a un estudiante a trav\u00e9s del proceso disciplinario, ayudarlo a defenderse en una audiencia disciplinaria y ayudarlo a reunir pruebas para respaldar su inocencia.<\/p>\n<\/div><\/div><\/div><\/div><\/div><div class=\"fusion-fullwidth fullwidth-box fusion-builder-row-3 fusion-flex-container has-pattern-background has-mask-background nonhundred-percent-fullwidth non-hundred-percent-height-scrolling\" style=\"--awb-border-radius-top-left:0px;--awb-border-radius-top-right:0px;--awb-border-radius-bottom-right:0px;--awb-border-radius-bottom-left:0px;--awb-padding-top:10vh;--awb-padding-bottom:5vh;--awb-flex-wrap:wrap;\" ><div class=\"fusion-builder-row fusion-row fusion-flex-align-items-flex-start fusion-flex-content-wrap\" style=\"max-width:1476.8px;margin-left: calc(-4% \/ 2 );margin-right: calc(-4% \/ 2 );\"><div class=\"fusion-layout-column fusion_builder_column fusion-builder-column-3 fusion_builder_column_1_2 1_2 fusion-flex-column\" style=\"--awb-bg-size:cover;--awb-width-large:50%;--awb-margin-top-large:0px;--awb-spacing-right-large:3.84%;--awb-margin-bottom-large:20px;--awb-spacing-left-large:3.84%;--awb-width-medium:50%;--awb-order-medium:0;--awb-spacing-right-medium:3.84%;--awb-spacing-left-medium:3.84%;--awb-width-small:100%;--awb-order-small:0;--awb-spacing-right-small:1.92%;--awb-spacing-left-small:1.92%;\"><div class=\"fusion-column-wrapper fusion-column-has-shadow fusion-flex-justify-content-flex-start fusion-content-layout-column\"><div class=\"fusion-image-element \" style=\"--awb-caption-title-font-family:var(--h2_typography-font-family);--awb-caption-title-font-weight:var(--h2_typography-font-weight);--awb-caption-title-font-style:var(--h2_typography-font-style);--awb-caption-title-size:var(--h2_typography-font-size);--awb-caption-title-transform:var(--h2_typography-text-transform);--awb-caption-title-line-height:var(--h2_typography-line-height);--awb-caption-title-letter-spacing:var(--h2_typography-letter-spacing);\"><span class=\" fusion-imageframe imageframe-none imageframe-2 hover-type-none\" style=\"border-radius:25px;\"><img decoding=\"async\" width=\"845\" height=\"608\" alt=\"Sobre The Medlin Law Firm Firma Legal Altamente Calificada\" title=\"Sobre The Medlin Law Firm Firma Legal Altamente Calificada\" src=\"https:\/\/www.medlinfirm.com\/wp-content\/uploads\/2026\/03\/sobre-the-medlin-law-firm-firma-legal-altamente-calificada.webp\" class=\"img-responsive wp-image-55494\" srcset=\"https:\/\/www.medlinfirm.com\/wp-content\/uploads\/2026\/03\/sobre-the-medlin-law-firm-firma-legal-altamente-calificada-200x144.webp 200w, https:\/\/www.medlinfirm.com\/wp-content\/uploads\/2026\/03\/sobre-the-medlin-law-firm-firma-legal-altamente-calificada-400x288.webp 400w, https:\/\/www.medlinfirm.com\/wp-content\/uploads\/2026\/03\/sobre-the-medlin-law-firm-firma-legal-altamente-calificada-600x432.webp 600w, https:\/\/www.medlinfirm.com\/wp-content\/uploads\/2026\/03\/sobre-the-medlin-law-firm-firma-legal-altamente-calificada-800x576.webp 800w, https:\/\/www.medlinfirm.com\/wp-content\/uploads\/2026\/03\/sobre-the-medlin-law-firm-firma-legal-altamente-calificada.webp 845w\" sizes=\"(max-width: 640px) 100vw, 800px\" \/><\/span><\/div><\/div><\/div><div class=\"fusion-layout-column fusion_builder_column fusion-builder-column-4 fusion_builder_column_1_2 1_2 fusion-flex-column fusion-flex-align-self-center\" style=\"--awb-bg-size:cover;--awb-width-large:50%;--awb-margin-top-large:0px;--awb-spacing-right-large:3.84%;--awb-margin-bottom-large:20px;--awb-spacing-left-large:3.84%;--awb-width-medium:50%;--awb-order-medium:0;--awb-spacing-right-medium:3.84%;--awb-spacing-left-medium:3.84%;--awb-width-small:100%;--awb-order-small:0;--awb-spacing-right-small:1.92%;--awb-spacing-left-small:1.92%;\"><div class=\"fusion-column-wrapper fusion-column-has-shadow fusion-flex-justify-content-center fusion-content-layout-column\"><div class=\"fusion-title title fusion-title-3 fusion-sep-none fusion-title-text fusion-title-size-two\" style=\"--awb-margin-top-small:10px;--awb-margin-right-small:0px;--awb-margin-bottom-small:10px;--awb-margin-left-small:0px;\"><h2 class=\"fusion-title-heading title-heading-left\" style=\"margin:0;\">Hable con un abogado de estudiantes en Fort Worth<\/h2><\/div><div class=\"fusion-text fusion-text-4\"><p>\u00bfSe enfrenta a un cargo penal y le preocupa que pueda descarrilar su futuro acad\u00e9mico? \u00bfFue acusado de violar el c\u00f3digo de conducta estudiantil de su escuela? Tales acusaciones pueden tener consecuencias que alteran la vida, por lo que es importante tomarlas en serio.<\/p>\n<p>Cont\u00e1ctenos para\u00a0<a href=\"https:\/\/www.medlinfirm.com\/es\/contacte-nuestra-oficina-en-fort-worth\/\">agendar una consulta inicial<\/a>\u00a0con un\u00a0<a href=\"https:\/\/www.medlinfirm.com\/es\">abogado defensor de estudiantes en Fort Worth<\/a>\u00a0y conocer c\u00f3mo pueden ayudarlo a evitar una condena.<\/p>\n<\/div><\/div><\/div><\/div><\/div><\/p>\n","protected":false},"excerpt":{"rendered":"","protected":false},"author":22,"featured_media":0,"parent":11147,"menu_order":145,"comment_status":"closed","ping_status":"closed","template":"100-width.php","meta":{"_analytify_skip_tracking":false,"rank_math_title":"Abogado de estudiantes en Fort Worth, Texas","rank_math_description":"Conozca cu\u00e1les son los cargos m\u00e1s comunes para un estudiante universitario y c\u00f3mo un abogado de estudiantes puede ayudarle hoy.","rank_math_focus_keyword":"Abogado de estudiantes","rank_math_canonical_url":"","footnotes":""},"class_list":["post-8546","page","type-page","status-publish","hentry"],"_links":{"self":[{"href":"https:\/\/www.medlinfirm.com\/es\/wp-json\/wp\/v2\/pages\/8546","targetHints":{"allow":["GET"]}}],"collection":[{"href":"https:\/\/www.medlinfirm.com\/es\/wp-json\/wp\/v2\/pages"}],"about":[{"href":"https:\/\/www.medlinfirm.com\/es\/wp-json\/wp\/v2\/types\/page"}],"author":[{"embeddable":true,"href":"https:\/\/www.medlinfirm.com\/es\/wp-json\/wp\/v2\/users\/22"}],"replies":[{"embeddable":true,"href":"https:\/\/www.medlinfirm.com\/es\/wp-json\/wp\/v2\/comments?post=8546"}],"version-history":[{"count":4,"href":"https:\/\/www.medlinfirm.com\/es\/wp-json\/wp\/v2\/pages\/8546\/revisions"}],"predecessor-version":[{"id":56310,"href":"https:\/\/www.medlinfirm.com\/es\/wp-json\/wp\/v2\/pages\/8546\/revisions\/56310"}],"up":[{"embeddable":true,"href":"https:\/\/www.medlinfirm.com\/es\/wp-json\/wp\/v2\/pages\/11147"}],"wp:attachment":[{"href":"https:\/\/www.medlinfirm.com\/es\/wp-json\/wp\/v2\/media?parent=8546"}],"curies":[{"name":"wp","href":"https:\/\/api.w.org\/{rel}","templated":true}]}}