{"id":8437,"date":"2016-03-01T11:38:54","date_gmt":"2016-03-01T03:38:54","guid":{"rendered":"https:\/\/www.medlinfirm.com\/?page_id=8437"},"modified":"2026-04-04T02:43:50","modified_gmt":"2026-04-03T18:43:50","slug":"politica-de-privacidad","status":"publish","type":"page","link":"https:\/\/www.medlinfirm.com\/es\/politica-de-privacidad\/","title":{"rendered":"Pol\u00edtica de privacidad"},"content":{"rendered":"<p><div class=\"fusion-fullwidth fullwidth-box fusion-builder-row-1 fusion-flex-container has-pattern-background has-mask-background fusion-parallax-none hundred-percent-fullwidth non-hundred-percent-height-scrolling\" style=\"--awb-border-radius-top-left:0px;--awb-border-radius-top-right:0px;--awb-border-radius-bottom-right:0px;--awb-border-radius-bottom-left:0px;--awb-padding-top:25vh;--awb-padding-bottom:8vh;--awb-background-image:url(&quot;https:\/\/www.medlinfirm.com\/wp-content\/uploads\/2025\/12\/the-medlin-law-firm-abogados-de-defensa-criminal-en-texas-1024x446.webp&quot;);--awb-background-size:cover;--awb-flex-wrap:wrap;\" ><div class=\"fusion-builder-row fusion-row fusion-flex-align-items-flex-start fusion-flex-content-wrap\" style=\"width:104% !important;max-width:104% !important;margin-left: calc(-4% \/ 2 );margin-right: calc(-4% \/ 2 );\"><div class=\"fusion-layout-column fusion_builder_column fusion-builder-column-0 fusion_builder_column_1_1 1_1 fusion-flex-column\" style=\"--awb-bg-size:cover;--awb-width-large:100%;--awb-margin-top-large:0px;--awb-spacing-right-large:1.92%;--awb-margin-bottom-large:20px;--awb-spacing-left-large:1.92%;--awb-width-medium:100%;--awb-order-medium:0;--awb-spacing-right-medium:1.92%;--awb-spacing-left-medium:1.92%;--awb-width-small:100%;--awb-order-small:0;--awb-spacing-right-small:1.92%;--awb-spacing-left-small:1.92%;\"><div class=\"fusion-column-wrapper fusion-column-has-shadow fusion-flex-justify-content-flex-start fusion-content-layout-column\"><div class=\"fusion-title title fusion-title-1 fusion-sep-none fusion-title-center fusion-title-text fusion-title-size-one\" style=\"--awb-margin-top-small:10px;--awb-margin-right-small:0px;--awb-margin-bottom-small:10px;--awb-margin-left-small:0px;\"><h1 class=\"fusion-title-heading title-heading-center\" style=\"margin:0;text-transform:uppercase;\">Pol\u00edtica de privacidad<\/h1><\/div><div class=\"fusion-separator\" style=\"align-self: center;margin-left: auto;margin-right: auto;margin-top:2vh;margin-bottom:2vh;width:100%;max-width:30%;\"><div class=\"fusion-separator-border sep-single sep-solid\" style=\"--awb-height:20px;--awb-amount:20px;border-color:var(--awb-color3);border-top-width:2px;\"><\/div><\/div><\/div><\/div><\/div><\/div><div class=\"fusion-fullwidth fullwidth-box fusion-builder-row-2 fusion-flex-container has-pattern-background has-mask-background nonhundred-percent-fullwidth non-hundred-percent-height-scrolling\" style=\"--awb-border-radius-top-left:0px;--awb-border-radius-top-right:0px;--awb-border-radius-bottom-right:0px;--awb-border-radius-bottom-left:0px;--awb-padding-top:10vh;--awb-padding-bottom:10vh;--awb-flex-wrap:wrap;\" ><div class=\"fusion-builder-row fusion-row fusion-flex-align-items-flex-start fusion-flex-content-wrap\" style=\"max-width:1476.8px;margin-left: calc(-4% \/ 2 );margin-right: calc(-4% \/ 2 );\"><div class=\"fusion-layout-column fusion_builder_column fusion-builder-column-1 fusion_builder_column_1_1 1_1 fusion-flex-column\" style=\"--awb-bg-size:cover;--awb-width-large:100%;--awb-margin-top-large:0px;--awb-spacing-right-large:1.92%;--awb-margin-bottom-large:0px;--awb-spacing-left-large:1.92%;--awb-width-medium:100%;--awb-spacing-right-medium:1.92%;--awb-spacing-left-medium:1.92%;--awb-width-small:100%;--awb-spacing-right-small:1.92%;--awb-spacing-left-small:1.92%;\"><div class=\"fusion-column-wrapper fusion-flex-justify-content-flex-start fusion-content-layout-column\"><div class=\"fusion-text fusion-text-1\"><p style=\"text-align: justify;\">Reconocemos que su privacidad es importante. Este documento describe los tipos de informaci\u00f3n personal que recibimos y recopilamos cuando utiliza o navega por www.medlinfirm.com, as\u00ed como algunos de los pasos que tomamos para proteger la informaci\u00f3n. Esperamos que esto le ayude a tomar una decisi\u00f3n informada sobre c\u00f3mo compartir informaci\u00f3n personal con The Medlin Law Firm.<\/p>\n<p style=\"text-align: justify;\">www.medlinfirm.com se esfuerza por mantener los m\u00e1s altos est\u00e1ndares de decencia, equidad e integridad en todas nuestras operaciones. Asimismo, nos dedicamos a proteger la privacidad de nuestros clientes, consumidores y visitantes en l\u00ednea en nuestro sitio web.<\/p>\n<h2 style=\"text-align: justify;\">Informaci\u00f3n personal<\/h2>\n<p style=\"text-align: justify;\">www.medlinfirm.com recopila informaci\u00f3n de identificaci\u00f3n personal de los visitantes de nuestro sitio web s\u00f3lo de forma voluntaria. La informaci\u00f3n personal recopilada de forma voluntaria puede incluir nombre, direcci\u00f3n postal, direcci\u00f3n de correo electr\u00f3nico, nombre de la empresa y n\u00famero de tel\u00e9fono.<\/p>\n<p style=\"text-align: justify;\">Esta informaci\u00f3n se recopila si nos solicita informaci\u00f3n, participa en un concurso o sorteo y se registra para unirse a nuestra lista de correo electr\u00f3nico o solicitarnos alg\u00fan otro servicio o informaci\u00f3n. La informaci\u00f3n recopilada se revisa internamente y se utiliza para mejorar el contenido de nuestro sitio web, notificar a nuestros visitantes sobre actualizaciones y responder a las consultas de los visitantes.<\/p>\n<p style=\"text-align: justify;\">Una vez que se revisa la informaci\u00f3n, se descarta o se almacena en nuestros archivos. Si realizamos cambios sustanciales en la recopilaci\u00f3n de informaci\u00f3n de identificaci\u00f3n personal, le informaremos colocando un aviso en nuestro sitio web. La informaci\u00f3n personal recibida de cualquier visitante se utilizar\u00e1 s\u00f3lo para fines internos y no se vender\u00e1 ni se proporcionar\u00e1 a terceros.<\/p>\n<h2 style=\"text-align: justify;\">Uso de Cookies y Web Beacons<\/h2>\n<p style=\"text-align: justify;\">Podemos utilizar cookies para ayudarlo a personalizar su experiencia en l\u00ednea. Las cookies son identificadores que se transfieren al disco duro de su computadora a trav\u00e9s de su navegador web para permitir que nuestros sistemas reconozcan su navegador. El prop\u00f3sito de las cookies es decirle al servidor web que ha regresado a una p\u00e1gina espec\u00edfica. Por ejemplo, si personaliza las p\u00e1ginas del sitio o se registra en cualquiera de los servicios de nuestro sitio, una cookie permite a www.medlinfirm.com recuperar su informaci\u00f3n espec\u00edfica en visitas posteriores. Tiene la capacidad de aceptar o rechazar cookies modificando su navegador web; sin embargo, si opta por rechazar las cookies, es posible que no pueda experimentar por completo las funciones interactivas del sitio.<\/p>\n<p style=\"text-align: justify;\">Una web beacon, o baliza web, es un archivo de imagen transparente que se utiliza para monitorear su viaje por un solo sitio web o una colecci\u00f3n de sitios. Tambi\u00e9n se conocen como web bugs y son com\u00fanmente utilizados por sitios que contratan servicios de terceros para monitorear el tr\u00e1fico. Pueden usarse en asociaci\u00f3n con las cookies para comprender c\u00f3mo los visitantes interact\u00faan con las p\u00e1ginas y el contenido de las p\u00e1ginas de un sitio web.<\/p>\n<p style=\"text-align: justify;\">Es posible que publiquemos anuncios de terceros que utilicen cookies y web beacons durante la publicaci\u00f3n de anuncios en nuestro sitio web para determinar cu\u00e1ntas veces ha visto un anuncio. No se les proporciona ninguna informaci\u00f3n de identificaci\u00f3n personal que usted nos proporcione para el uso de cookies o web beacons, por lo que no pueden identificarlo personalmente con esa informaci\u00f3n en nuestro sitio web.<\/p>\n<p style=\"text-align: justify;\">Los navegadores pueden configurarse para aceptar o rechazar cookies o notificarle cuando se env\u00eda una cookie. Un software de privacidad se puede utilizar para anular las web beacons. Tomar cualquiera de estas acciones no deber\u00eda causar un problema con nuestro sitio, si as\u00ed lo desea.<\/p>\n<h2 style=\"text-align: justify;\">Ley de protecci\u00f3n de la privacidad infantil en l\u00ednea<\/h2>\n<p style=\"text-align: justify;\">Este sitio web est\u00e1 dirigido a adultos; no est\u00e1 dirigido a ni\u00f1os menores de 13 a\u00f1os. Operamos nuestro sitio de conformidad con la Ley de Protecci\u00f3n de la Privacidad Infantil en L\u00ednea y no recopilaremos ni usaremos deliberadamente informaci\u00f3n personal de menores de 13 a\u00f1os.<\/p>\n<h2 style=\"text-align: justify;\">Informaci\u00f3n no personal<\/h2>\n<p style=\"text-align: justify;\">En algunos casos, podemos recopilar informaci\u00f3n sobre usted que no es personalmente identificable. Usamos esta informaci\u00f3n, la cual no identifica a los usuarios individuales, para analizar tendencias, administrar el sitio, rastrear los movimientos de los usuarios en el sitio y recopilar informaci\u00f3n demogr\u00e1fica sobre nuestra base de usuarios en su conjunto. La informaci\u00f3n recopilada se utiliza \u00fanicamente para revisi\u00f3n interna y no se comparte con otras organizaciones con fines comerciales.<\/p>\n<h2 style=\"text-align: justify;\">Liberaci\u00f3n de informaci\u00f3n<\/h2>\n<p style=\"text-align: justify;\">Si se vende www.medlinfirm.com, la informaci\u00f3n que hemos obtenido de usted a trav\u00e9s de su participaci\u00f3n voluntaria en nuestro sitio puede transferirse al nuevo propietario como parte de la venta para que el servicio que se le brinda pueda continuar. En ese caso, recibir\u00e1 un aviso a trav\u00e9s de nuestro sitio web de ese cambio en el control y las pr\u00e1cticas, y haremos los esfuerzos razonables para asegurarnos de que el comprador respete cualquier solicitud de exclusi\u00f3n voluntaria que pueda hacernos.<\/p>\n<h2 style=\"text-align: justify;\">\u00bfC\u00f3mo puede corregir o eliminar informaci\u00f3n?<\/h2>\n<p style=\"text-align: justify;\">Proporcionamos esta pol\u00edtica de privacidad como una declaraci\u00f3n de nuestro compromiso de proteger su informaci\u00f3n personal. Si ha enviado informaci\u00f3n personal a trav\u00e9s de nuestro sitio web y desea que esa informaci\u00f3n se elimine de nuestros registros o desea actualizar o corregir esa informaci\u00f3n, utilice nuestra <a href=\"https:\/\/www.medlinfirm.com\/es\/contacte-nuestra-oficina-en-fort-worth\/\">p\u00e1gina de contacto<\/a>.<\/p>\n<h2 style=\"text-align: justify;\">Actualizaciones y fecha de vigencia<\/h2>\n<p style=\"text-align: justify;\">www.medlinfirm.com se reserva el derecho a realizar cambios en esta pol\u00edtica. Si hay un cambio material en nuestras pr\u00e1cticas de privacidad, indicaremos en nuestro sitio web que nuestras pr\u00e1cticas de privacidad han cambiado y proporcionaremos un enlace a la nueva pol\u00edtica de privacidad. Le recomendamos que revise peri\u00f3dicamente esta pol\u00edtica para que tenga conocimiento sobre qu\u00e9 informaci\u00f3n recopilamos y c\u00f3mo la usamos.<\/p>\n<h2 style=\"text-align: justify;\">Este sitio web utiliza Google AdWords<\/h2>\n<p style=\"text-align: justify;\">Este sitio web utiliza el servicio de remarketing de Google AdWords para anunciar en sitios web de terceros (incluido Google) a visitantes anteriores de nuestro sitio. Podr\u00eda significar que anunciamos a visitantes anteriores que no han completado una tarea en nuestro sitio, por ejemplo, utilizando el formulario de contacto para realizar una consulta. Esto podr\u00eda ser en forma de un anuncio en la p\u00e1gina de resultados de b\u00fasqueda de Google o un sitio web en la Red de Display de Google. Los proveedores externos, incluido Google, utilizan cookies para publicar anuncios basados en las visitas anteriores de alguien a este sitio web. Por supuesto, todos los datos recopilados se utilizar\u00e1n de acuerdo con nuestra propia pol\u00edtica de privacidad y la pol\u00edtica de privacidad de Google.<\/p>\n<p style=\"text-align: justify;\">Puede establecer preferencias sobre c\u00f3mo Google le anuncia mediante el <a href=\"https:\/\/www.google.com\/settings\/ads\/onweb\/\" target=\"_blank\" rel=\"nofollow noopener noreferrer\">P\u00e1gina de preferencias de anuncios de Google<\/a> y si desea puede <a href=\"https:\/\/www.google.com\/settings\/ads\/onweb\/\" target=\"_blank\" rel=\"nofollow noopener noreferrer\">optar por no recibir publicidad basada en intereses mediante la configuraci\u00f3n de cookies<\/a> o <a class=\"broken_link\" href=\"https:\/\/www.google.com\/ads\/preferences\/html\/intl\/en\/plugin\/\" target=\"_blank\" rel=\"nofollow noopener noreferrer\">permanentemente usando un complemento de navegador<\/a> .<\/p>\n<p style=\"text-align: justify;\">El Remarketing de AdWords es un Servicio de Segmentaci\u00f3n por Comportamiento y Remarketing proporcionado por Google. Conecta la actividad de TarrantCriminalAttorney.com con la red publicitaria de Adwords y las cookies de Doubleclick. Puede excluirse del seguimiento de cookies aqu\u00ed: <a class=\"broken_link\" href=\"https:\/\/www.google.com\/settings\/ads\/onweb\/\" target=\"_blank\" rel=\"nofollow noopener noreferrer\">https:\/\/www.google.com\/settings\/ads\/onweb\/<\/a><\/p>\n<p style=\"text-align: justify;\">Datos personales recopilados: Cookies y Datos de Uso. Lugar de procesamiento: EE.UU.<\/p>\n<h2 style=\"text-align: justify;\">Aceptar los t\u00e9rminos<\/h2>\n<p style=\"text-align: justify;\">Si no est\u00e1 de acuerdo con la Pol\u00edtica de privacidad de Gary Medlin y The Medlin Law Firm que se publica aqu\u00ed en este sitio web, no utilice este sitio ni ninguno de los servicios ofrecidos por este sitio.<\/p>\n<p style=\"text-align: justify;\">El uso de este sitio indica la aceptaci\u00f3n de esta pol\u00edtica de privacidad.<\/p>\n<\/div><\/div><\/div><\/div><\/div><\/p>\n","protected":false},"excerpt":{"rendered":"","protected":false},"author":22,"featured_media":0,"parent":0,"menu_order":161,"comment_status":"closed","ping_status":"closed","template":"100-width.php","meta":{"_analytify_skip_tracking":false,"rank_math_title":"Pol\u00edtica de privacidad | Texas","rank_math_description":"Su privacidad nos importa. Lea la Pol\u00edtica de Privacidad de Medlin Law Firm y cont\u00e1ctenos si tiene alguna duda sobre nuestro sitio web.","rank_math_focus_keyword":"The Medlin Law Firm","rank_math_canonical_url":"","footnotes":""},"class_list":["post-8437","page","type-page","status-publish","hentry"],"_links":{"self":[{"href":"https:\/\/www.medlinfirm.com\/es\/wp-json\/wp\/v2\/pages\/8437","targetHints":{"allow":["GET"]}}],"collection":[{"href":"https:\/\/www.medlinfirm.com\/es\/wp-json\/wp\/v2\/pages"}],"about":[{"href":"https:\/\/www.medlinfirm.com\/es\/wp-json\/wp\/v2\/types\/page"}],"author":[{"embeddable":true,"href":"https:\/\/www.medlinfirm.com\/es\/wp-json\/wp\/v2\/users\/22"}],"replies":[{"embeddable":true,"href":"https:\/\/www.medlinfirm.com\/es\/wp-json\/wp\/v2\/comments?post=8437"}],"version-history":[{"count":1,"href":"https:\/\/www.medlinfirm.com\/es\/wp-json\/wp\/v2\/pages\/8437\/revisions"}],"predecessor-version":[{"id":56272,"href":"https:\/\/www.medlinfirm.com\/es\/wp-json\/wp\/v2\/pages\/8437\/revisions\/56272"}],"wp:attachment":[{"href":"https:\/\/www.medlinfirm.com\/es\/wp-json\/wp\/v2\/media?parent=8437"}],"curies":[{"name":"wp","href":"https:\/\/api.w.org\/{rel}","templated":true}]}}