{"id":8426,"date":"2016-03-01T11:39:47","date_gmt":"2016-03-01T03:39:47","guid":{"rendered":"https:\/\/www.medlinfirm.com\/?page_id=8426"},"modified":"2026-03-12T06:00:51","modified_gmt":"2026-03-11T22:00:51","slug":"aviso-legal","status":"publish","type":"page","link":"https:\/\/www.medlinfirm.com\/es\/aviso-legal\/","title":{"rendered":"Aviso legal"},"content":{"rendered":"<p><div class=\"fusion-fullwidth fullwidth-box fusion-builder-row-1 fusion-flex-container has-pattern-background has-mask-background fusion-parallax-none hundred-percent-fullwidth non-hundred-percent-height-scrolling\" style=\"--awb-border-radius-top-left:0px;--awb-border-radius-top-right:0px;--awb-border-radius-bottom-right:0px;--awb-border-radius-bottom-left:0px;--awb-padding-top:25vh;--awb-padding-bottom:8vh;--awb-background-image:url(&quot;https:\/\/www.medlinfirm.com\/wp-content\/uploads\/2025\/12\/the-medlin-law-firm-abogados-de-defensa-criminal-en-texas-1024x446.webp&quot;);--awb-background-size:cover;--awb-flex-wrap:wrap;\" ><div class=\"fusion-builder-row fusion-row fusion-flex-align-items-flex-start fusion-flex-content-wrap\" style=\"width:104% !important;max-width:104% !important;margin-left: calc(-4% \/ 2 );margin-right: calc(-4% \/ 2 );\"><div class=\"fusion-layout-column fusion_builder_column fusion-builder-column-0 fusion_builder_column_1_1 1_1 fusion-flex-column\" style=\"--awb-bg-size:cover;--awb-width-large:100%;--awb-margin-top-large:0px;--awb-spacing-right-large:1.92%;--awb-margin-bottom-large:20px;--awb-spacing-left-large:1.92%;--awb-width-medium:100%;--awb-order-medium:0;--awb-spacing-right-medium:1.92%;--awb-spacing-left-medium:1.92%;--awb-width-small:100%;--awb-order-small:0;--awb-spacing-right-small:1.92%;--awb-spacing-left-small:1.92%;\"><div class=\"fusion-column-wrapper fusion-column-has-shadow fusion-flex-justify-content-flex-start fusion-content-layout-column\"><div class=\"fusion-title title fusion-title-1 fusion-sep-none fusion-title-center fusion-title-text fusion-title-size-one\" style=\"--awb-margin-top-small:10px;--awb-margin-right-small:0px;--awb-margin-bottom-small:10px;--awb-margin-left-small:0px;\"><h1 class=\"fusion-title-heading title-heading-center\" style=\"margin:0;text-transform:uppercase;\">Aviso legal<\/h1><\/div><div class=\"fusion-separator\" style=\"align-self: center;margin-left: auto;margin-right: auto;margin-top:2vh;margin-bottom:2vh;width:100%;max-width:30%;\"><div class=\"fusion-separator-border sep-single sep-solid\" style=\"--awb-height:20px;--awb-amount:20px;border-color:var(--awb-color3);border-top-width:2px;\"><\/div><\/div><\/div><\/div><\/div><\/div><div class=\"fusion-fullwidth fullwidth-box fusion-builder-row-2 fusion-flex-container has-pattern-background has-mask-background nonhundred-percent-fullwidth non-hundred-percent-height-scrolling\" style=\"--awb-border-radius-top-left:0px;--awb-border-radius-top-right:0px;--awb-border-radius-bottom-right:0px;--awb-border-radius-bottom-left:0px;--awb-padding-top:10vh;--awb-padding-bottom:10vh;--awb-flex-wrap:wrap;\" ><div class=\"fusion-builder-row fusion-row fusion-flex-align-items-flex-start fusion-flex-content-wrap\" style=\"max-width:1476.8px;margin-left: calc(-4% \/ 2 );margin-right: calc(-4% \/ 2 );\"><div class=\"fusion-layout-column fusion_builder_column fusion-builder-column-1 fusion_builder_column_1_1 1_1 fusion-flex-column\" style=\"--awb-bg-size:cover;--awb-width-large:100%;--awb-margin-top-large:0px;--awb-spacing-right-large:1.92%;--awb-margin-bottom-large:0px;--awb-spacing-left-large:1.92%;--awb-width-medium:100%;--awb-spacing-right-medium:1.92%;--awb-spacing-left-medium:1.92%;--awb-width-small:100%;--awb-spacing-right-small:1.92%;--awb-spacing-left-small:1.92%;\"><div class=\"fusion-column-wrapper fusion-flex-justify-content-flex-start fusion-content-layout-column\"><div class=\"fusion-text fusion-text-1\"><h2 class=\"p1\">Ninguna relaci\u00f3n abogado-cliente creada por el uso de este sitio web<\/h2>\n<p><span class=\"s1\">El uso de este sitio web o la recepci\u00f3n de informaci\u00f3n publicada en este sitio web NO crea una relaci\u00f3n abogado-cliente entre usted y The Medlin Law Firm. Contactando <a href=\"https:\/\/www.medlinfirm.com\/es\/contacte-nuestra-oficina-en-fort-worth\/\">The Medlin Law Firm<\/a> o uno de sus abogados a trav\u00e9s de los formularios de contacto en l\u00ednea de este sitio o cualquier n\u00famero de tel\u00e9fono que figura en este sitio web, tampoco crea una relaci\u00f3n abogado-cliente con The Medlin Law Firm. <\/span><\/p>\n<p><span class=\"s1\">En consecuencia, no debe utilizar este sitio web para proporcionar informaci\u00f3n confidencial sobre asuntos legales a The Medlin Law Firm.<\/span><\/p>\n<h2>Sitio web no destinado a recibir asesoramiento legal<\/h2>\n<p><span class=\"s1\">Este sitio web puede contener informaci\u00f3n sobre cuestiones legales o desarrollo. La informaci\u00f3n publicada en nuestro sitio web no es, ni pretende ser, un consejo legal. <\/span><\/p>\n<p class=\"p2\"><span class=\"s1\">Siempre debe consultar directamente con un abogado para obtener asesoramiento sobre su caso y situaci\u00f3n individuales. <\/span><\/p>\n<p class=\"p2\"><span class=\"s1\">Ninguna persona debe actuar o confiar en la informaci\u00f3n publicada en este sitio web sin buscar el consejo de un abogado.<\/span><\/p>\n<h2 class=\"p1\">Los testimonios y veredictos anteriores publicados en este sitio no deben interpretarse como una garant\u00eda de resultados<\/h2>\n<p class=\"p2\"><span class=\"s1\">Los testimonios publicados en este sitio web de clientes anteriores de The Medlin Law Firm no constituyen una garant\u00eda, o predicci\u00f3n con respecto al resultado de su caso o asunto legal. El resultado de cualquier caso legal depende de muchos factores diferentes, incluidos los hechos del caso espec\u00edfico, y ning\u00fan abogado puede ofrecer un resultado positivo garantizado en un caso particular. Cualquier resultado logrado anteriormente por un abogado no puede garantizar un resultado similar.<\/span><\/p>\n<h2 class=\"p1\">Este sitio web es un anuncio de servicios legales<\/h2>\n<p class=\"p2\"><span class=\"s1\">Este sitio web puede considerarse publicidad en algunas jurisdicciones seg\u00fan la ley aplicable y las normas \u00e9ticas de conducta. La determinaci\u00f3n de la necesidad de servicios legales y la elecci\u00f3n de un abogado para la representaci\u00f3n son decisiones extremadamente importantes y no deben basarse \u00fanicamente en anuncios o experiencia autoproclamada. No se hace ninguna representaci\u00f3n de que la calidad de los servicios legales que se realizar\u00e1n es mayor que la calidad de los servicios legales prestados por otros abogados.<\/span><\/p>\n<h2 class=\"p1\">Preguntas sobre estas exenciones de aviso legal o el contenido de este sitio web<\/h2>\n<p class=\"p2\"><span class=\"s1\">Para cualquier pregunta relacionada con el<a href=\"https:\/\/www.medlinfirm.com\/es\/aviso-legal\/\"> Aviso Legal<\/a> ,<a href=\"https:\/\/www.medlinfirm.com\/es\/politica-de-privacidad\/\"> Pol\u00edtica de privacidad<\/a> ,<a href=\"https:\/\/www.medlinfirm.com\/es\/terminos-de-uso\/\"> T\u00e9rminos de Uso<\/a> u otro contenido publicado, comun\u00edquese con el abogado responsable que se indica a continuaci\u00f3n.<\/span><\/p>\n<div class=\"wpb_column vc_column_container vc_col-sm-12\">\n<div class=\"vc_column-inner\">\n<div class=\"wpb_wrapper\">\n<div class=\"wpb_text_column wpb_content_element \">\n<div class=\"wpb_wrapper\">\n<p><a href=\"https:\/\/www.medlinfirm.com\/es\/nuestro-equipo\/gary-l-medlin\/\">Gary L. Medlin, ESQ<\/a><br \/>\n<strong>The Medlin Law Firm<\/strong><br \/>\n1300 S University Dr # 318<br \/>\nFort Worth, TX 76107<br \/>\n<a href=\"tel:+1-682-204-4066\">(682) 204-4066<\/a><\/p>\n<\/div>\n<\/div>\n<\/div>\n<\/div>\n<\/div>\n<\/div><\/div><\/div><\/div><\/div><\/p>\n","protected":false},"excerpt":{"rendered":"","protected":false},"author":22,"featured_media":0,"parent":0,"menu_order":114,"comment_status":"closed","ping_status":"closed","template":"100-width.php","meta":{"_analytify_skip_tracking":false,"rank_math_title":"Aviso legal | The Medlin Law Firm","rank_math_description":"La informaci\u00f3n que obtiene en este sitio no es, ni pretende ser, asesoramiento legal. Consulte a un abogado para obtener asesoramiento.","rank_math_focus_keyword":"","rank_math_canonical_url":"","footnotes":""},"class_list":["post-8426","page","type-page","status-publish","hentry"],"_links":{"self":[{"href":"https:\/\/www.medlinfirm.com\/es\/wp-json\/wp\/v2\/pages\/8426","targetHints":{"allow":["GET"]}}],"collection":[{"href":"https:\/\/www.medlinfirm.com\/es\/wp-json\/wp\/v2\/pages"}],"about":[{"href":"https:\/\/www.medlinfirm.com\/es\/wp-json\/wp\/v2\/types\/page"}],"author":[{"embeddable":true,"href":"https:\/\/www.medlinfirm.com\/es\/wp-json\/wp\/v2\/users\/22"}],"replies":[{"embeddable":true,"href":"https:\/\/www.medlinfirm.com\/es\/wp-json\/wp\/v2\/comments?post=8426"}],"version-history":[{"count":1,"href":"https:\/\/www.medlinfirm.com\/es\/wp-json\/wp\/v2\/pages\/8426\/revisions"}],"predecessor-version":[{"id":56220,"href":"https:\/\/www.medlinfirm.com\/es\/wp-json\/wp\/v2\/pages\/8426\/revisions\/56220"}],"wp:attachment":[{"href":"https:\/\/www.medlinfirm.com\/es\/wp-json\/wp\/v2\/media?parent=8426"}],"curies":[{"name":"wp","href":"https:\/\/api.w.org\/{rel}","templated":true}]}}