{"id":8418,"date":"2025-07-14T01:57:50","date_gmt":"2025-07-13T17:57:50","guid":{"rendered":"https:\/\/www.medlinfirm.com\/?page_id=8418"},"modified":"2026-03-12T22:52:00","modified_gmt":"2026-03-12T14:52:00","slug":"terminos-de-uso","status":"publish","type":"page","link":"https:\/\/www.medlinfirm.com\/es\/terminos-de-uso\/","title":{"rendered":"T\u00e9rminos de uso"},"content":{"rendered":"<p><div class=\"fusion-fullwidth fullwidth-box fusion-builder-row-1 fusion-flex-container has-pattern-background has-mask-background fusion-parallax-none hundred-percent-fullwidth non-hundred-percent-height-scrolling\" style=\"--awb-border-radius-top-left:0px;--awb-border-radius-top-right:0px;--awb-border-radius-bottom-right:0px;--awb-border-radius-bottom-left:0px;--awb-padding-top:25vh;--awb-padding-bottom:8vh;--awb-background-image:url(&quot;https:\/\/www.medlinfirm.com\/wp-content\/uploads\/2025\/12\/the-medlin-law-firm-abogados-de-defensa-criminal-en-texas-1024x446.webp&quot;);--awb-background-size:cover;--awb-flex-wrap:wrap;\" ><div class=\"fusion-builder-row fusion-row fusion-flex-align-items-flex-start fusion-flex-content-wrap\" style=\"width:104% !important;max-width:104% !important;margin-left: calc(-4% \/ 2 );margin-right: calc(-4% \/ 2 );\"><div class=\"fusion-layout-column fusion_builder_column fusion-builder-column-0 fusion_builder_column_1_1 1_1 fusion-flex-column\" style=\"--awb-bg-size:cover;--awb-width-large:100%;--awb-margin-top-large:0px;--awb-spacing-right-large:1.92%;--awb-margin-bottom-large:20px;--awb-spacing-left-large:1.92%;--awb-width-medium:100%;--awb-order-medium:0;--awb-spacing-right-medium:1.92%;--awb-spacing-left-medium:1.92%;--awb-width-small:100%;--awb-order-small:0;--awb-spacing-right-small:1.92%;--awb-spacing-left-small:1.92%;\"><div class=\"fusion-column-wrapper fusion-column-has-shadow fusion-flex-justify-content-flex-start fusion-content-layout-column\"><div class=\"fusion-title title fusion-title-1 fusion-sep-none fusion-title-center fusion-title-text fusion-title-size-one\" style=\"--awb-margin-top-small:10px;--awb-margin-right-small:0px;--awb-margin-bottom-small:10px;--awb-margin-left-small:0px;\"><h1 class=\"fusion-title-heading title-heading-center\" style=\"margin:0;text-transform:uppercase;\">T\u00e9rminos de uso<\/h1><\/div><div class=\"fusion-separator\" style=\"align-self: center;margin-left: auto;margin-right: auto;margin-top:2vh;margin-bottom:2vh;width:100%;max-width:30%;\"><div class=\"fusion-separator-border sep-single sep-solid\" style=\"--awb-height:20px;--awb-amount:20px;border-color:var(--awb-color3);border-top-width:2px;\"><\/div><\/div><\/div><\/div><\/div><\/div><div class=\"fusion-fullwidth fullwidth-box fusion-builder-row-2 fusion-flex-container has-pattern-background has-mask-background nonhundred-percent-fullwidth non-hundred-percent-height-scrolling\" style=\"--awb-border-radius-top-left:0px;--awb-border-radius-top-right:0px;--awb-border-radius-bottom-right:0px;--awb-border-radius-bottom-left:0px;--awb-padding-top:10vh;--awb-padding-bottom:10vh;--awb-flex-wrap:wrap;\" ><div class=\"fusion-builder-row fusion-row fusion-flex-align-items-flex-start fusion-flex-content-wrap\" style=\"max-width:1476.8px;margin-left: calc(-4% \/ 2 );margin-right: calc(-4% \/ 2 );\"><div class=\"fusion-layout-column fusion_builder_column fusion-builder-column-1 fusion_builder_column_1_1 1_1 fusion-flex-column\" style=\"--awb-bg-size:cover;--awb-width-large:100%;--awb-margin-top-large:0px;--awb-spacing-right-large:1.92%;--awb-margin-bottom-large:0px;--awb-spacing-left-large:1.92%;--awb-width-medium:100%;--awb-spacing-right-medium:1.92%;--awb-spacing-left-medium:1.92%;--awb-width-small:100%;--awb-spacing-right-small:1.92%;--awb-spacing-left-small:1.92%;\"><div class=\"fusion-column-wrapper fusion-flex-justify-content-flex-start fusion-content-layout-column\"><div class=\"fusion-text fusion-text-1\"><h2>Condiciones<\/h2>\n<p>Al acceder a este sitio web, usted acepta regirse por estos T\u00e9rminos y condiciones de uso del sitio web, todas las leyes y regulaciones aplicables, y acepta que es responsable del cumplimiento de las leyes locales aplicables. Si no est\u00e1 de acuerdo con alguno de estos t\u00e9rminos, tiene prohibido utilizar o acceder a este sitio. Los materiales contenidos en este sitio web est\u00e1n protegidos por las leyes de derechos de autor y marcas registradas aplicables.<\/p>\n<h2>Licencia de uso<\/h2>\n<ol>\n<li style=\"list-style-type: none;\">\n<ol start=\"1\">\n<li>Se otorga permiso para descargar temporalmente una copia de los materiales (informaci\u00f3n o software) del sitio web de The Medlin Law Firm para visualizaci\u00f3n transitoria personal y comercial \u00fanicamente. Esta es la concesi\u00f3n de una licencia, no una transferencia de t\u00edtulo, y bajo esta licencia no puede:\n<ol start=\"1\">\n<li>modificar o copiar los materiales;<\/li>\n<li>utilizar los materiales para cualquier prop\u00f3sito comercial o para cualquier exhibici\u00f3n p\u00fablica (comercial o no comercial);<\/li>\n<li>intentar compilar o aplicar ingenier\u00eda inversa a cualquier software contenido en el sitio web de The Medlin Law Firm;<\/li>\n<li>eliminar cualquier copyright u otras anotaciones de propiedad de los materiales; o<\/li>\n<li>transferir los materiales a otra persona o \u00abreflejar\u00bb los materiales en cualquier otro servidor.<\/li>\n<\/ol>\n<\/li>\n<li>Esta licencia terminar\u00e1 autom\u00e1ticamente si viola cualquiera de estas restricciones y The Medlin Law Firm puede cancelarla en cualquier momento. Al terminar su visualizaci\u00f3n de estos materiales o al finalizar esta licencia, debe destruir cualquier material descargado en su posesi\u00f3n, ya sea en formato electr\u00f3nico o impreso.<\/li>\n<\/ol>\n<\/li>\n<\/ol>\n<h2>Aviso legal<\/h2>\n<p>Los materiales del sitio web de The Medlin Law Firm se proporcionan \u00abtal cual\u00bb. The Medlin Law Firm no ofrece garant\u00edas, expresas o impl\u00edcitas, y por la presente renuncia y niega todas las dem\u00e1s garant\u00edas, incluidas, entre otras, las garant\u00edas impl\u00edcitas o condiciones de comerciabilidad, idoneidad para un prop\u00f3sito particular o no infracci\u00f3n de la propiedad intelectual u otra violaci\u00f3n de derechos . Adem\u00e1s, The Medlin Law Firm no garantiza ni hace ninguna declaraci\u00f3n con respecto a la precisi\u00f3n, los resultados probables o la confiabilidad del uso de los materiales en su sitio web de Internet o en relaci\u00f3n con dichos materiales o en cualquier sitio vinculado a este sitio.<\/p>\n<h2>Limitaciones<\/h2>\n<p><b> <\/b>En ning\u00fan caso The Medlin Law Firm o sus proveedores ser\u00e1n responsables de los da\u00f1os (incluidos, entre otros, los da\u00f1os por p\u00e9rdida de datos o ganancias, o debido a la interrupci\u00f3n del negocio) que surjan del uso o la imposibilidad de usar los materiales en el sitio de Internet de Medlin Law Firm, incluso si The Medlin Law Firm o un representante autorizado de The Medlin Law Firm han sido notificados verbalmente o por escrito de la posibilidad de tal da\u00f1o. Debido a que algunas jurisdicciones no permiten limitaciones sobre garant\u00edas impl\u00edcitas o limitaciones de responsabilidad por da\u00f1os consecuentes o incidentales, estas limitaciones pueden no aplicarse en su caso.<\/p>\n<h2>Revisiones y erratas<\/h2>\n<p>Los materiales que aparecen en el sitio web de The Medlin Law Firm podr\u00edan incluir errores t\u00e9cnicos, tipogr\u00e1ficos o fotogr\u00e1ficos. The Medlin Law Firm no garantiza que ninguno de los materiales de su sitio web sea preciso, completo o actualizado. The Medlin Law Firm puede realizar cambios en los materiales contenidos en su sitio web en cualquier momento sin previo aviso. Sin embargo, The Medlin Law Firm no se compromete a actualizar los materiales.<\/p>\n<h2>Enlaces<\/h2>\n<p>The Medlin Law Firm no ha revisado todos los sitios vinculados a su sitio web de Internet y no es responsable del contenido de dichos sitios vinculados. La inclusi\u00f3n de cualquier enlace no implica la aprobaci\u00f3n por parte de The Medlin Law Firm del sitio. El uso de dicho sitio web vinculado es por cuenta y riesgo del usuario.<\/p>\n<h2>Modificaciones de los t\u00e9rminos de uso del sitio<\/h2>\n<p>The Medlin Law Firm puede revisar estos t\u00e9rminos de uso de su sitio web en cualquier momento sin previo aviso. Al utilizar este sitio web, usted acepta estar sujeto a la versi\u00f3n actual de estos T\u00e9rminos y condiciones de uso.<\/p>\n<h2>Ley que rige<\/h2>\n<p>Cualquier reclamo relacionado con el sitio web de The Medlin Law Firm se regir\u00e1 por las leyes del estado de Texas sin tener en cuenta sus disposiciones sobre conflicto de leyes.<\/p>\n<p><a href=\"https:\/\/www.medlinfirm.com\/es\/nuestro-equipo\/gary-l-medlin\/\">Gary L. Medlin, ESQ<\/a><br \/>\n<strong>The Medlin Law Firm<\/strong><br \/>\n1300 S University Dr #318<br \/>\nFort Worth, TX 76107<br \/>\n<a href=\"tel:+1-682-204-4066\">(682) 204-4066<\/a><\/p>\n<\/div><\/div><\/div><\/div><\/div><\/p>\n","protected":false},"excerpt":{"rendered":"","protected":false},"author":22,"featured_media":0,"parent":0,"menu_order":163,"comment_status":"closed","ping_status":"closed","template":"100-width.php","meta":{"_analytify_skip_tracking":false,"rank_math_title":"T\u00e9rminos de uso | The Medlin Law Firm","rank_math_description":"Estos son los t\u00e9rminos de uso del sitio web de The Medlin Law Firm. Llame para una consulta inicial GRATUITA al (682) 204-4066.","rank_math_focus_keyword":"","rank_math_canonical_url":"","footnotes":""},"class_list":["post-8418","page","type-page","status-publish","hentry"],"_links":{"self":[{"href":"https:\/\/www.medlinfirm.com\/es\/wp-json\/wp\/v2\/pages\/8418","targetHints":{"allow":["GET"]}}],"collection":[{"href":"https:\/\/www.medlinfirm.com\/es\/wp-json\/wp\/v2\/pages"}],"about":[{"href":"https:\/\/www.medlinfirm.com\/es\/wp-json\/wp\/v2\/types\/page"}],"author":[{"embeddable":true,"href":"https:\/\/www.medlinfirm.com\/es\/wp-json\/wp\/v2\/users\/22"}],"replies":[{"embeddable":true,"href":"https:\/\/www.medlinfirm.com\/es\/wp-json\/wp\/v2\/comments?post=8418"}],"version-history":[{"count":2,"href":"https:\/\/www.medlinfirm.com\/es\/wp-json\/wp\/v2\/pages\/8418\/revisions"}],"predecessor-version":[{"id":56274,"href":"https:\/\/www.medlinfirm.com\/es\/wp-json\/wp\/v2\/pages\/8418\/revisions\/56274"}],"wp:attachment":[{"href":"https:\/\/www.medlinfirm.com\/es\/wp-json\/wp\/v2\/media?parent=8418"}],"curies":[{"name":"wp","href":"https:\/\/api.w.org\/{rel}","templated":true}]}}